{"id":2230,"date":"2022-08-22T11:15:59","date_gmt":"2022-08-22T15:15:59","guid":{"rendered":"https:\/\/www.stbarthconnection.com\/?page_id=2230"},"modified":"2024-07-15T07:45:48","modified_gmt":"2024-07-15T11:45:48","slug":"informacoes-uteis","status":"publish","type":"page","link":"https:\/\/www.stbarthconnection.com\/en\/informacoes-uteis\/","title":{"rendered":"Useful Information"},"content":{"rendered":"<div data-elementor-type=\"wp-page\" data-elementor-id=\"2230\" class=\"elementor elementor-2230\" data-elementor-post-type=\"page\">\n\t\t\t\t\t\t<section class=\"elementor-section elementor-top-section elementor-element elementor-element-1e65c7c elementor-section-full_width elementor-section-height-min-height elementor-section-height-default elementor-section-items-middle jltma-glass-effect-no\" data-id=\"1e65c7c\" data-element_type=\"section\" data-e-type=\"section\" data-settings=\"{&quot;background_background&quot;:&quot;classic&quot;}\">\n\t\t\t\t\t\t\t<div class=\"elementor-background-overlay\"><\/div>\n\t\t\t\t\t\t\t<div class=\"elementor-container elementor-column-gap-no\">\n\t\t\t\t\t<div class=\"elementor-column elementor-col-100 elementor-top-column elementor-element elementor-element-6b9566c jltma-glass-effect-no\" data-id=\"6b9566c\" data-element_type=\"column\" data-e-type=\"column\">\n\t\t\t<div class=\"elementor-widget-wrap elementor-element-populated\">\n\t\t\t\t\t\t<div class=\"elementor-element elementor-element-7e60a83 jltma-glass-effect-no elementor-widget elementor-widget-heading\" data-id=\"7e60a83\" data-element_type=\"widget\" data-e-type=\"widget\" data-widget_type=\"heading.default\">\n\t\t\t\t<div class=\"elementor-widget-container\">\n\t\t\t\t\t<h2 class=\"elementor-heading-title elementor-size-default\">Useful Information<\/h2>\t\t\t\t<\/div>\n\t\t\t\t<\/div>\n\t\t\t\t\t<\/div>\n\t\t<\/div>\n\t\t\t\t\t<\/div>\n\t\t<\/section>\n\t\t\t\t<section class=\"elementor-section elementor-top-section elementor-element elementor-element-c058bf9 elementor-section-full_width elementor-section-content-space-between elementor-section-stretched elementor-section-height-default elementor-section-height-default jltma-glass-effect-no\" data-id=\"c058bf9\" data-element_type=\"section\" data-e-type=\"section\" data-settings=\"{&quot;stretch_section&quot;:&quot;section-stretched&quot;}\">\n\t\t\t\t\t\t<div class=\"elementor-container elementor-column-gap-narrow\">\n\t\t\t\t\t<div class=\"elementor-column elementor-col-100 elementor-top-column elementor-element elementor-element-d4810a3 jltma-glass-effect-no\" data-id=\"d4810a3\" data-element_type=\"column\" data-e-type=\"column\">\n\t\t\t<div class=\"elementor-widget-wrap elementor-element-populated\">\n\t\t\t\t\t\t<div class=\"elementor-element elementor-element-7f884b7 jltma-glass-effect-no elementor-widget elementor-widget-spacer\" data-id=\"7f884b7\" data-element_type=\"widget\" data-e-type=\"widget\" data-widget_type=\"spacer.default\">\n\t\t\t\t<div class=\"elementor-widget-container\">\n\t\t\t\t\t\t\t<div class=\"elementor-spacer\">\n\t\t\t<div class=\"elementor-spacer-inner\"><\/div>\n\t\t<\/div>\n\t\t\t\t\t\t<\/div>\n\t\t\t\t<\/div>\n\t\t\t\t\t<\/div>\n\t\t<\/div>\n\t\t\t\t\t<\/div>\n\t\t<\/section>\n\t\t\t\t<section class=\"elementor-section elementor-top-section elementor-element elementor-element-4ad122f elementor-section-boxed elementor-section-height-default elementor-section-height-default jltma-glass-effect-no\" data-id=\"4ad122f\" data-element_type=\"section\" data-e-type=\"section\">\n\t\t\t\t\t\t<div class=\"elementor-container elementor-column-gap-default\">\n\t\t\t\t\t<div class=\"elementor-column elementor-col-50 elementor-top-column elementor-element elementor-element-c23b515 jltma-glass-effect-no\" data-id=\"c23b515\" data-element_type=\"column\" data-e-type=\"column\">\n\t\t\t<div class=\"elementor-widget-wrap elementor-element-populated\">\n\t\t\t\t\t\t<div class=\"elementor-element elementor-element-7395251 jltma-glass-effect-no elementor-widget elementor-widget-image\" data-id=\"7395251\" data-element_type=\"widget\" data-e-type=\"widget\" data-widget_type=\"image.default\">\n\t\t\t\t<div class=\"elementor-widget-container\">\n\t\t\t\t\t\t\t\t\t\t\t\t\t\t\t<img fetchpriority=\"high\" decoding=\"async\" width=\"800\" height=\"450\" src=\"https:\/\/www.stbarthconnection.com\/wp-content\/uploads\/2022\/08\/Agua-1024x576.jpg\" class=\"attachment-large size-large wp-image-2767\" alt=\"\" srcset=\"https:\/\/www.stbarthconnection.com\/wp-content\/uploads\/2022\/08\/Agua-1024x576.jpg 1024w, https:\/\/www.stbarthconnection.com\/wp-content\/uploads\/2022\/08\/Agua-300x169.jpg 300w, https:\/\/www.stbarthconnection.com\/wp-content\/uploads\/2022\/08\/Agua-768x432.jpg 768w, https:\/\/www.stbarthconnection.com\/wp-content\/uploads\/2022\/08\/Agua.jpg 1120w\" sizes=\"(max-width: 800px) 100vw, 800px\" \/>\t\t\t\t\t\t\t\t\t\t\t\t\t\t\t<\/div>\n\t\t\t\t<\/div>\n\t\t\t\t\t<\/div>\n\t\t<\/div>\n\t\t\t\t<div class=\"elementor-column elementor-col-50 elementor-top-column elementor-element elementor-element-3eb7d76 jltma-glass-effect-no\" data-id=\"3eb7d76\" data-element_type=\"column\" data-e-type=\"column\">\n\t\t\t<div class=\"elementor-widget-wrap elementor-element-populated\">\n\t\t\t\t\t\t<div class=\"elementor-element elementor-element-2b1ac23 jltma-glass-effect-no elementor-widget elementor-widget-text-editor\" data-id=\"2b1ac23\" data-element_type=\"widget\" data-e-type=\"widget\" data-widget_type=\"text-editor.default\">\n\t\t\t\t<div class=\"elementor-widget-container\">\n\t\t\t\t\t\t\t\t\t<p>As there are no rivers or fresh water sources on St Barth, rainwater collected in cisterns is very useful during periods of drought. In addition, the island has the facility to desalinate ocean water and provide piped water to most homes, but it is very expensive. This means that water remains a precious resource and must be used wisely, sparingly and without waste.<\/p>\t\t\t\t\t\t\t\t<\/div>\n\t\t\t\t<\/div>\n\t\t\t\t\t<\/div>\n\t\t<\/div>\n\t\t\t\t\t<\/div>\n\t\t<\/section>\n\t\t\t\t<section class=\"elementor-section elementor-top-section elementor-element elementor-element-4a8b055 elementor-reverse-mobile elementor-section-boxed elementor-section-height-default elementor-section-height-default jltma-glass-effect-no\" data-id=\"4a8b055\" data-element_type=\"section\" data-e-type=\"section\">\n\t\t\t\t\t\t<div class=\"elementor-container elementor-column-gap-default\">\n\t\t\t\t\t<div class=\"elementor-column elementor-col-50 elementor-top-column elementor-element elementor-element-a9b56ce jltma-glass-effect-no\" data-id=\"a9b56ce\" data-element_type=\"column\" data-e-type=\"column\">\n\t\t\t<div class=\"elementor-widget-wrap elementor-element-populated\">\n\t\t\t\t\t\t<div class=\"elementor-element elementor-element-5eaf31a jltma-glass-effect-no elementor-widget elementor-widget-text-editor\" data-id=\"5eaf31a\" data-element_type=\"widget\" data-e-type=\"widget\" data-widget_type=\"text-editor.default\">\n\t\t\t\t<div class=\"elementor-widget-container\">\n\t\t\t\t\t\t\t\t\t<p><br \/>The natural reserve of St. Barth covers 1,200 hectares, divided into five zones, encompassing the entire territory. The reserve protects the characteristic environments of the island's nature and its history. Protected areas are of particular interest as they have a wide variety of plants and animals. The reserve also has exceptional underwater environments, such as seaweed and coral reefs, home to many species, including endangered animals such as sea turtles. The children of St. Barth learn early to care for nature.<\/p>\t\t\t\t\t\t\t\t<\/div>\n\t\t\t\t<\/div>\n\t\t\t\t\t<\/div>\n\t\t<\/div>\n\t\t\t\t<div class=\"elementor-column elementor-col-50 elementor-top-column elementor-element elementor-element-faadfb8 jltma-glass-effect-no\" data-id=\"faadfb8\" data-element_type=\"column\" data-e-type=\"column\">\n\t\t\t<div class=\"elementor-widget-wrap elementor-element-populated\">\n\t\t\t\t\t\t<div class=\"elementor-element elementor-element-2283352 jltma-glass-effect-no elementor-widget elementor-widget-image\" data-id=\"2283352\" data-element_type=\"widget\" data-e-type=\"widget\" data-widget_type=\"image.default\">\n\t\t\t\t<div class=\"elementor-widget-container\">\n\t\t\t\t\t\t\t\t\t\t\t\t\t\t\t<img decoding=\"async\" width=\"800\" height=\"450\" src=\"https:\/\/www.stbarthconnection.com\/wp-content\/uploads\/2022\/08\/Reserva-Natural-1024x576.jpg\" class=\"attachment-large size-large wp-image-2768\" alt=\"\" srcset=\"https:\/\/www.stbarthconnection.com\/wp-content\/uploads\/2022\/08\/Reserva-Natural-1024x576.jpg 1024w, https:\/\/www.stbarthconnection.com\/wp-content\/uploads\/2022\/08\/Reserva-Natural-300x169.jpg 300w, https:\/\/www.stbarthconnection.com\/wp-content\/uploads\/2022\/08\/Reserva-Natural-768x432.jpg 768w, https:\/\/www.stbarthconnection.com\/wp-content\/uploads\/2022\/08\/Reserva-Natural.jpg 1120w\" sizes=\"(max-width: 800px) 100vw, 800px\" \/>\t\t\t\t\t\t\t\t\t\t\t\t\t\t\t<\/div>\n\t\t\t\t<\/div>\n\t\t\t\t\t<\/div>\n\t\t<\/div>\n\t\t\t\t\t<\/div>\n\t\t<\/section>\n\t\t\t\t<section class=\"elementor-section elementor-top-section elementor-element elementor-element-481d109 elementor-section-boxed elementor-section-height-default elementor-section-height-default jltma-glass-effect-no\" data-id=\"481d109\" data-element_type=\"section\" data-e-type=\"section\">\n\t\t\t\t\t\t<div class=\"elementor-container elementor-column-gap-default\">\n\t\t\t\t\t<div class=\"elementor-column elementor-col-50 elementor-top-column elementor-element elementor-element-c4f0b09 jltma-glass-effect-no\" data-id=\"c4f0b09\" data-element_type=\"column\" data-e-type=\"column\">\n\t\t\t<div class=\"elementor-widget-wrap elementor-element-populated\">\n\t\t\t\t\t\t<div class=\"elementor-element elementor-element-f88f8ce jltma-glass-effect-no elementor-widget elementor-widget-image\" data-id=\"f88f8ce\" data-element_type=\"widget\" data-e-type=\"widget\" data-widget_type=\"image.default\">\n\t\t\t\t<div class=\"elementor-widget-container\">\n\t\t\t\t\t\t\t\t\t\t\t\t\t\t\t<img decoding=\"async\" width=\"800\" height=\"450\" src=\"https:\/\/www.stbarthconnection.com\/wp-content\/uploads\/2022\/08\/Tartarugas-1024x576.jpg\" class=\"attachment-large size-large wp-image-2769\" alt=\"\" srcset=\"https:\/\/www.stbarthconnection.com\/wp-content\/uploads\/2022\/08\/Tartarugas-1024x576.jpg 1024w, https:\/\/www.stbarthconnection.com\/wp-content\/uploads\/2022\/08\/Tartarugas-300x169.jpg 300w, https:\/\/www.stbarthconnection.com\/wp-content\/uploads\/2022\/08\/Tartarugas-768x432.jpg 768w, https:\/\/www.stbarthconnection.com\/wp-content\/uploads\/2022\/08\/Tartarugas.jpg 1120w\" sizes=\"(max-width: 800px) 100vw, 800px\" \/>\t\t\t\t\t\t\t\t\t\t\t\t\t\t\t<\/div>\n\t\t\t\t<\/div>\n\t\t\t\t\t<\/div>\n\t\t<\/div>\n\t\t\t\t<div class=\"elementor-column elementor-col-50 elementor-top-column elementor-element elementor-element-ce5053e jltma-glass-effect-no\" data-id=\"ce5053e\" data-element_type=\"column\" data-e-type=\"column\">\n\t\t\t<div class=\"elementor-widget-wrap elementor-element-populated\">\n\t\t\t\t\t\t<div class=\"elementor-element elementor-element-a70f812 jltma-glass-effect-no elementor-widget elementor-widget-text-editor\" data-id=\"a70f812\" data-element_type=\"widget\" data-e-type=\"widget\" data-widget_type=\"text-editor.default\">\n\t\t\t\t<div class=\"elementor-widget-container\">\n\t\t\t\t\t\t\t\t\t<p>It is common that, during a tour, you see a turtle crossing the island. Park your vehicle and help the turtle cross. Be kind.<\/p>\t\t\t\t\t\t\t\t<\/div>\n\t\t\t\t<\/div>\n\t\t\t\t\t<\/div>\n\t\t<\/div>\n\t\t\t\t\t<\/div>\n\t\t<\/section>\n\t\t\t\t<section class=\"elementor-section elementor-top-section elementor-element elementor-element-06bc9b9 elementor-reverse-mobile elementor-section-boxed elementor-section-height-default elementor-section-height-default jltma-glass-effect-no\" data-id=\"06bc9b9\" data-element_type=\"section\" data-e-type=\"section\">\n\t\t\t\t\t\t<div class=\"elementor-container elementor-column-gap-default\">\n\t\t\t\t\t<div class=\"elementor-column elementor-col-50 elementor-top-column elementor-element elementor-element-e055763 jltma-glass-effect-no\" data-id=\"e055763\" data-element_type=\"column\" data-e-type=\"column\">\n\t\t\t<div class=\"elementor-widget-wrap elementor-element-populated\">\n\t\t\t\t\t\t<div class=\"elementor-element elementor-element-afda2c9 jltma-glass-effect-no elementor-widget elementor-widget-text-editor\" data-id=\"afda2c9\" data-element_type=\"widget\" data-e-type=\"widget\" data-widget_type=\"text-editor.default\">\n\t\t\t\t<div class=\"elementor-widget-container\">\n\t\t\t\t\t\t\t\t\t<p>If you are lucky enough to see one or more whales during your stay on the island, call St. Barth on +590 690 317 073 or inform your hotel or villa concierge. Try to get as much information as possible, such as location and direction. In this way you will be supporting the protection of whales and the scientific study of the marine mammal sanctuary whose St. Barth is now part of it. And we appreciate it.<\/p>\t\t\t\t\t\t\t\t<\/div>\n\t\t\t\t<\/div>\n\t\t\t\t\t<\/div>\n\t\t<\/div>\n\t\t\t\t<div class=\"elementor-column elementor-col-50 elementor-top-column elementor-element elementor-element-11e732b jltma-glass-effect-no\" data-id=\"11e732b\" data-element_type=\"column\" data-e-type=\"column\">\n\t\t\t<div class=\"elementor-widget-wrap elementor-element-populated\">\n\t\t\t\t\t\t<div class=\"elementor-element elementor-element-440417f jltma-glass-effect-no elementor-widget elementor-widget-image\" data-id=\"440417f\" data-element_type=\"widget\" data-e-type=\"widget\" data-widget_type=\"image.default\">\n\t\t\t\t<div class=\"elementor-widget-container\">\n\t\t\t\t\t\t\t\t\t\t\t\t\t\t\t<img loading=\"lazy\" decoding=\"async\" width=\"800\" height=\"450\" src=\"https:\/\/www.stbarthconnection.com\/wp-content\/uploads\/2022\/08\/Baleias-1024x576.jpg\" class=\"attachment-large size-large wp-image-2770\" alt=\"\" srcset=\"https:\/\/www.stbarthconnection.com\/wp-content\/uploads\/2022\/08\/Baleias-1024x576.jpg 1024w, https:\/\/www.stbarthconnection.com\/wp-content\/uploads\/2022\/08\/Baleias-300x169.jpg 300w, https:\/\/www.stbarthconnection.com\/wp-content\/uploads\/2022\/08\/Baleias-768x432.jpg 768w, https:\/\/www.stbarthconnection.com\/wp-content\/uploads\/2022\/08\/Baleias.jpg 1120w\" sizes=\"(max-width: 800px) 100vw, 800px\" \/>\t\t\t\t\t\t\t\t\t\t\t\t\t\t\t<\/div>\n\t\t\t\t<\/div>\n\t\t\t\t\t<\/div>\n\t\t<\/div>\n\t\t\t\t\t<\/div>\n\t\t<\/section>\n\t\t\t\t<section class=\"elementor-section elementor-top-section elementor-element elementor-element-15d8e9a elementor-section-full_width elementor-section-content-space-between elementor-section-stretched elementor-section-height-default elementor-section-height-default jltma-glass-effect-no\" data-id=\"15d8e9a\" data-element_type=\"section\" data-e-type=\"section\" data-settings=\"{&quot;stretch_section&quot;:&quot;section-stretched&quot;}\">\n\t\t\t\t\t\t<div class=\"elementor-container elementor-column-gap-narrow\">\n\t\t\t\t\t<div class=\"elementor-column elementor-col-100 elementor-top-column elementor-element elementor-element-67c79f2 jltma-glass-effect-no\" data-id=\"67c79f2\" data-element_type=\"column\" data-e-type=\"column\">\n\t\t\t<div class=\"elementor-widget-wrap elementor-element-populated\">\n\t\t\t\t\t\t<div class=\"elementor-element elementor-element-34bc808 jltma-glass-effect-no elementor-widget elementor-widget-spacer\" data-id=\"34bc808\" data-element_type=\"widget\" data-e-type=\"widget\" data-widget_type=\"spacer.default\">\n\t\t\t\t<div class=\"elementor-widget-container\">\n\t\t\t\t\t\t\t<div class=\"elementor-spacer\">\n\t\t\t<div class=\"elementor-spacer-inner\"><\/div>\n\t\t<\/div>\n\t\t\t\t\t\t<\/div>\n\t\t\t\t<\/div>\n\t\t\t\t\t<\/div>\n\t\t<\/div>\n\t\t\t\t\t<\/div>\n\t\t<\/section>\n\t\t\t\t<\/div>","protected":false},"excerpt":{"rendered":"<p>Informa\u00e7\u00f5es \u00dateis Como n\u00e3o existem rios ou fontes de \u00e1gua doce em St Barth, \u00e1gua da chuva coletada em cisternas s\u00e3o muito \u00fateis durante per\u00edodos de seca. Al\u00e9m disso, a ilha tem facilidade para dessalinizar a \u00e1gua do oceano e fornecer \u00e1gua encanada para a maioria das casas, mas \u00e9 muito caro. Isto significa que [&hellip;]<\/p>\n","protected":false},"author":1,"featured_media":0,"parent":0,"menu_order":0,"comment_status":"closed","ping_status":"closed","template":"elementor_header_footer","meta":{"footnotes":""},"class_list":["post-2230","page","type-page","status-publish","hentry"],"_links":{"self":[{"href":"https:\/\/www.stbarthconnection.com\/en\/wp-json\/wp\/v2\/pages\/2230","targetHints":{"allow":["GET"]}}],"collection":[{"href":"https:\/\/www.stbarthconnection.com\/en\/wp-json\/wp\/v2\/pages"}],"about":[{"href":"https:\/\/www.stbarthconnection.com\/en\/wp-json\/wp\/v2\/types\/page"}],"author":[{"embeddable":true,"href":"https:\/\/www.stbarthconnection.com\/en\/wp-json\/wp\/v2\/users\/1"}],"replies":[{"embeddable":true,"href":"https:\/\/www.stbarthconnection.com\/en\/wp-json\/wp\/v2\/comments?post=2230"}],"version-history":[{"count":3,"href":"https:\/\/www.stbarthconnection.com\/en\/wp-json\/wp\/v2\/pages\/2230\/revisions"}],"predecessor-version":[{"id":3418,"href":"https:\/\/www.stbarthconnection.com\/en\/wp-json\/wp\/v2\/pages\/2230\/revisions\/3418"}],"wp:attachment":[{"href":"https:\/\/www.stbarthconnection.com\/en\/wp-json\/wp\/v2\/media?parent=2230"}],"curies":[{"name":"wp","href":"https:\/\/api.w.org\/{rel}","templated":true}]}}